{"id":525,"date":"2022-08-15T18:16:28","date_gmt":"2022-08-15T18:16:28","guid":{"rendered":"https:\/\/demo.creativethemes.com\/elementor\/catering\/?page_id=525"},"modified":"2026-03-23T11:01:26","modified_gmt":"2026-03-23T10:01:26","slug":"about","status":"publish","type":"page","link":"https:\/\/madero-bern.ch\/index.php\/about\/","title":{"rendered":"About"},"content":{"rendered":"\t\t<div data-elementor-type=\"wp-page\" data-elementor-id=\"525\" class=\"elementor elementor-525\">\n\t\t\t\t<div class=\"elementor-element elementor-element-d9f09de e-flex e-con-boxed e-con e-parent\" data-id=\"d9f09de\" data-element_type=\"container\" data-settings=\"{&quot;background_background&quot;:&quot;classic&quot;}\">\n\t\t\t\t\t<div class=\"e-con-inner\">\n\t\t\t\t<div class=\"elementor-element elementor-element-270307a elementor-invisible elementor-widget elementor-widget-heading\" data-id=\"270307a\" data-element_type=\"widget\" data-settings=\"{&quot;_animation&quot;:&quot;fadeIn&quot;}\" data-widget_type=\"heading.default\">\n\t\t\t\t<div class=\"elementor-widget-container\">\n\t\t\t<style>\/*! elementor - v3.21.0 - 18-04-2024 *\/\n.elementor-heading-title{padding:0;margin:0;line-height:1}.elementor-widget-heading .elementor-heading-title[class*=elementor-size-]>a{color:inherit;font-size:inherit;line-height:inherit}.elementor-widget-heading .elementor-heading-title.elementor-size-small{font-size:15px}.elementor-widget-heading .elementor-heading-title.elementor-size-medium{font-size:19px}.elementor-widget-heading .elementor-heading-title.elementor-size-large{font-size:29px}.elementor-widget-heading .elementor-heading-title.elementor-size-xl{font-size:39px}.elementor-widget-heading .elementor-heading-title.elementor-size-xxl{font-size:59px}<\/style><h2 class=\"elementor-heading-title elementor-size-default\">\u00dcber\n<br>\nMich<\/h2>\t\t<\/div>\n\t\t\t\t<\/div>\n\t\t\t\t\t<\/div>\n\t\t\t\t<\/div>\n\t\t<div class=\"elementor-element elementor-element-fdafdf5 e-flex e-con-boxed e-con e-parent\" data-id=\"fdafdf5\" data-element_type=\"container\">\n\t\t\t\t\t<div class=\"e-con-inner\">\n\t\t\t\t<div class=\"elementor-element elementor-element-bbf99ce elementor-widget elementor-widget-text-editor\" data-id=\"bbf99ce\" data-element_type=\"widget\" data-widget_type=\"text-editor.default\">\n\t\t\t\t<div class=\"elementor-widget-container\">\n\t\t\t<style>\/*! elementor - v3.21.0 - 18-04-2024 *\/\n.elementor-widget-text-editor.elementor-drop-cap-view-stacked .elementor-drop-cap{background-color:#69727d;color:#fff}.elementor-widget-text-editor.elementor-drop-cap-view-framed .elementor-drop-cap{color:#69727d;border:3px solid;background-color:transparent}.elementor-widget-text-editor:not(.elementor-drop-cap-view-default) .elementor-drop-cap{margin-top:8px}.elementor-widget-text-editor:not(.elementor-drop-cap-view-default) .elementor-drop-cap-letter{width:1em;height:1em}.elementor-widget-text-editor .elementor-drop-cap{float:left;text-align:center;line-height:1;font-size:50px}.elementor-widget-text-editor .elementor-drop-cap-letter{display:inline-block}<\/style>\t\t\t\t<p>Als <b>Madero- und Schr\u00f6pftherapeutin<\/b> arbeite ich mit grosser Leidenschaft und Hingabe. Der Mensch steht bei mir im <b>Mittelpunkt pers\u00f6nlicher Kontakt, Vertrauen und Achtsamkeit<\/b> sind die Basis meiner Arbeit.<br>Jede Behandlung gestalte ich individuell, denn<b> jeder K\u00f6rper bringt seine eigene Geschichte mit.<\/b><br>Meine kreative Ader lebe ich nicht nur beim Malen aus, sondern auch in meiner <b>therapeutischen Arbeit. <\/b><br>Sie unterst\u00fctzt mich <b>dabei, intuitiv, feinf\u00fchlig<\/b> <b>und offen<\/b> auf jede Person einzugehen.<\/p>\t\t\t\t\t\t<\/div>\n\t\t\t\t<\/div>\n\t\t\t\t\t<\/div>\n\t\t\t\t<\/div>\n\t\t<div class=\"elementor-element elementor-element-855f498 e-flex e-con-boxed e-con e-parent\" data-id=\"855f498\" data-element_type=\"container\">\n\t\t\t\t\t<div class=\"e-con-inner\">\n\t\t<div class=\"elementor-element elementor-element-7f1682e e-con-full e-flex e-con e-child\" data-id=\"7f1682e\" data-element_type=\"container\">\n\t\t\t\t<div class=\"elementor-element elementor-element-498fa51 elementor-widget-tablet__width-inherit elementor-widget elementor-widget-heading\" data-id=\"498fa51\" data-element_type=\"widget\" data-widget_type=\"heading.default\">\n\t\t\t\t<div class=\"elementor-widget-container\">\n\t\t\t<h2 class=\"elementor-heading-title elementor-size-default\">Arbenita Surdulli<\/h2>\t\t<\/div>\n\t\t\t\t<\/div>\n\t\t\t\t<\/div>\n\t\t\t\t\t<\/div>\n\t\t\t\t<\/div>\n\t\t<div class=\"elementor-element elementor-element-e106d33 e-flex e-con-boxed e-con e-parent\" data-id=\"e106d33\" data-element_type=\"container\">\n\t\t\t\t\t<div class=\"e-con-inner\">\n\t\t<div class=\"elementor-element elementor-element-b7bdefe e-flex e-con-boxed e-con e-child\" data-id=\"b7bdefe\" data-element_type=\"container\">\n\t\t\t\t\t<div class=\"e-con-inner\">\n\t\t<div class=\"elementor-element elementor-element-b080a94 e-con-full e-flex e-con e-child\" data-id=\"b080a94\" data-element_type=\"container\">\n\t\t\t\t<div class=\"elementor-element elementor-element-fca9297 elementor-widget elementor-widget-video\" data-id=\"fca9297\" data-element_type=\"widget\" data-settings=\"{&quot;video_type&quot;:&quot;hosted&quot;,&quot;autoplay&quot;:&quot;yes&quot;,&quot;play_on_mobile&quot;:&quot;yes&quot;,&quot;loop&quot;:&quot;yes&quot;,&quot;controls&quot;:&quot;yes&quot;}\" data-widget_type=\"video.default\">\n\t\t\t\t<div class=\"elementor-widget-container\">\n\t\t\t<style>\/*! elementor - v3.21.0 - 18-04-2024 *\/\n.elementor-widget-video .elementor-widget-container{overflow:hidden;transform:translateZ(0)}.elementor-widget-video .elementor-wrapper{aspect-ratio:var(--video-aspect-ratio)}.elementor-widget-video .elementor-wrapper iframe,.elementor-widget-video .elementor-wrapper video{height:100%;width:100%;display:flex;border:none;background-color:#000}@supports not (aspect-ratio:1\/1){.elementor-widget-video .elementor-wrapper{position:relative;overflow:hidden;height:0;padding-bottom:calc(100% \/ var(--video-aspect-ratio))}.elementor-widget-video .elementor-wrapper iframe,.elementor-widget-video .elementor-wrapper video{position:absolute;top:0;right:0;bottom:0;left:0}}.elementor-widget-video .elementor-open-inline .elementor-custom-embed-image-overlay{position:absolute;top:0;right:0;bottom:0;left:0;background-size:cover;background-position:50%}.elementor-widget-video .elementor-custom-embed-image-overlay{cursor:pointer;text-align:center}.elementor-widget-video .elementor-custom-embed-image-overlay:hover .elementor-custom-embed-play i{opacity:1}.elementor-widget-video .elementor-custom-embed-image-overlay img{display:block;width:100%;aspect-ratio:var(--video-aspect-ratio);-o-object-fit:cover;object-fit:cover;-o-object-position:center center;object-position:center center}@supports not (aspect-ratio:1\/1){.elementor-widget-video .elementor-custom-embed-image-overlay{position:relative;overflow:hidden;height:0;padding-bottom:calc(100% \/ var(--video-aspect-ratio))}.elementor-widget-video .elementor-custom-embed-image-overlay img{position:absolute;top:0;right:0;bottom:0;left:0}}.elementor-widget-video .e-hosted-video .elementor-video{-o-object-fit:cover;object-fit:cover}.e-con-inner>.elementor-widget-video,.e-con>.elementor-widget-video{width:var(--container-widget-width);--flex-grow:var(--container-widget-flex-grow)}<\/style>\t\t<div class=\"e-hosted-video elementor-wrapper elementor-open-inline\">\n\t\t\t\t\t<video class=\"elementor-video\" src=\"https:\/\/madero-bern.ch\/wp-content\/uploads\/2022\/12\/0-02-05-916c146afcd6e010a746fe25a7008f74beee94b8c29f3cb5d3540f2d58f26b2e_8c53a68780521ebf.mp4\" autoplay=\"\" loop=\"\" controls=\"\" playsinline=\"\" controlsList=\"nodownload\" poster=\"https:\/\/madero-bern.ch\/wp-content\/uploads\/2022\/12\/IMG_6678.jpg\"><\/video>\n\t\t\t\t<\/div>\n\t\t\t\t<\/div>\n\t\t\t\t<\/div>\n\t\t\t\t<\/div>\n\t\t\t\t\t<\/div>\n\t\t\t\t<\/div>\n\t\t\t\t\t<\/div>\n\t\t\t\t<\/div>\n\t\t\t\t<\/div>\n\t\t","protected":false},"excerpt":{"rendered":"<p>\u00dcber Mich Als Madero- und Schr\u00f6pftherapeutin arbeite ich mit grosser Leidenschaft und Hingabe. Der Mensch steht bei mir im Mittelpunkt pers\u00f6nlicher Kontakt, Vertrauen und Achtsamkeit sind die Basis meiner Arbeit.Jede Behandlung gestalte ich individuell, denn jeder K\u00f6rper bringt seine eigene Geschichte mit.Meine kreative Ader lebe ich nicht nur beim Malen aus, sondern auch in meiner [&hellip;]<\/p>\n","protected":false},"author":1,"featured_media":0,"parent":0,"menu_order":0,"comment_status":"closed","ping_status":"closed","template":"","meta":{"_themeisle_gutenberg_block_has_review":false},"blocksy_meta":{"page_title_panel":"","has_hero_section":"disabled","8a608d2ce367fe9d811971fe44609466":"","hero_section":"type-1","hero_elements":[{"id":"custom_title","enabled":true,"heading_tag":"h1","title":"Home"},{"id":"custom_description","enabled":true,"description_visibility":{"desktop":true,"tablet":true,"mobile":false}},{"id":"custom_meta","enabled":false,"meta_elements":[{"id":"author","enabled":true,"label":"By","has_author_avatar":"yes","avatar_size":25},{"id":"post_date","enabled":true,"label":"On","date_format_source":"default","date_format":"M j, Y"},{"id":"updated_date","enabled":false,"label":"On","date_format_source":"default","date_format":"M j, Y"},{"id":"categories","enabled":false,"label":"In","style":"simple"},{"id":"comments","enabled":true}],"page_meta_elements":{"joined":true,"articles_count":true,"comments":true}},{"id":"breadcrumbs","enabled":false}],"96004ba6d96f1c694e78018e518e16a4":"","hero_alignment1":"CT_CSS_SKIP_RULE","hero_margin":40,"hero_alignment2":"center","hero_vertical_alignment":"center","954fdfcf225eb6201486fcae2ff624bd":"","hero_structure":"narrow","73c906bb9680ab50eb080c26b1874ab9":"","page_title_bg_type":"featured_image","custom_hero_background":{"attachment_id":null},"page_title_image_size":"full","parallax":{"desktop":false,"tablet":false,"mobile":false},"35c3b59b5c9cbabd16152a78a108ffaf":"","hero_height":"250px","pageTitleFont":{"family":"Default","variation":"Default","size":"30px","line-height":"CT_CSS_SKIP_RULE","letter-spacing":"CT_CSS_SKIP_RULE","text-transform":"CT_CSS_SKIP_RULE","text-decoration":"CT_CSS_SKIP_RULE"},"pageTitleFontColor":{"default":{"color":"CT_CSS_SKIP_RULEDEFAULT"}},"pageMetaFont":{"family":"Default","variation":"n6","size":"12px","line-height":"1.3","letter-spacing":"CT_CSS_SKIP_RULE","text-transform":"uppercase","text-decoration":"CT_CSS_SKIP_RULE"},"pageMetaFontColor":{"default":{"color":"CT_CSS_SKIP_RULEDEFAULT"},"hover":{"color":"CT_CSS_SKIP_RULEDEFAULT"}},"page_meta_button_type_font_colors":{"default":{"color":"CT_CSS_SKIP_RULEDEFAULT"},"hover":{"color":"CT_CSS_SKIP_RULEDEFAULT"}},"page_meta_button_type_background_colors":{"default":{"color":"CT_CSS_SKIP_RULEDEFAULT"},"hover":{"color":"CT_CSS_SKIP_RULEDEFAULT"}},"pageExcerptFont":{"family":"Default","variation":"Default","size":"CT_CSS_SKIP_RULE","line-height":"CT_CSS_SKIP_RULE","letter-spacing":"CT_CSS_SKIP_RULE","text-transform":"CT_CSS_SKIP_RULE","text-decoration":"CT_CSS_SKIP_RULE"},"pageExcerptColor":{"default":{"color":"CT_CSS_SKIP_RULEDEFAULT"}},"breadcrumbsFont":{"family":"Default","variation":"Default","size":"CT_CSS_SKIP_RULE","line-height":"CT_CSS_SKIP_RULE","letter-spacing":"CT_CSS_SKIP_RULE","text-transform":"CT_CSS_SKIP_RULE","text-decoration":"CT_CSS_SKIP_RULE"},"breadcrumbsFontColor":{"default":{"color":"CT_CSS_SKIP_RULEDEFAULT"},"initial":{"color":"CT_CSS_SKIP_RULEDEFAULT"},"hover":{"color":"CT_CSS_SKIP_RULEDEFAULT"}},"pageTitleOverlay":{"background_type":"color","background_pattern":"type-1","background_image":{"attachment_id":null,"x":0,"y":0},"gradient":"linear-gradient(135deg,rgba(6,147,227,1) 0%,rgb(155,81,224) 100%)","background_repeat":"repeat","background_size":"auto","background_attachment":"scroll","patternColor":{"default":{"color":"#e5e7ea"}},"overlayColor":{"default":{"color":"CT_CSS_SKIP_RULE"}},"backgroundColor":{"default":{"color":"CT_CSS_SKIP_RULE"}}},"pageTitleBackground":{"background_type":"color","background_pattern":"type-1","background_image":{"attachment_id":null,"x":0,"y":0},"gradient":"linear-gradient(135deg,rgba(6,147,227,1) 0%,rgb(155,81,224) 100%)","background_repeat":"repeat","background_size":"auto","background_attachment":"scroll","patternColor":{"default":{"color":"#e5e7ea"}},"overlayColor":{"default":{"color":"CT_CSS_SKIP_RULE"}},"backgroundColor":{"default":{"color":"var(--theme-palette-color-6)"}}},"pageTitlePadding":{"top":"50px","bottom":"50px","left":"auto","right":"auto","linked":true},"e98905844e9464c4296cb10ee82cc4c6":"","page_structure_type":"default","bf312acd49fc1dbe9763196c4388e3ad":"","content_style_source":"inherit","content_style":"wide","vertical_spacing_source":"custom","content_area_spacing":"none","background":{"background_type":"color","background_pattern":"type-1","background_image":{"attachment_id":null,"x":0,"y":0},"gradient":"linear-gradient(135deg,rgba(6,147,227,1) 0%,rgb(155,81,224) 100%)","background_repeat":"repeat","background_size":"auto","background_attachment":"scroll","patternColor":{"default":{"color":"#e5e7ea"}},"overlayColor":{"default":{"color":"CT_CSS_SKIP_RULE"}},"backgroundColor":{"default":{"color":"CT_CSS_SKIP_RULE"}}},"content_background":{"background_type":"color","background_pattern":"type-1","background_image":{"attachment_id":null,"x":0,"y":0},"gradient":"linear-gradient(135deg,rgba(6,147,227,1) 0%,rgb(155,81,224) 100%)","background_repeat":"repeat","background_size":"auto","background_attachment":"scroll","patternColor":{"default":{"color":"#e5e7ea"}},"overlayColor":{"default":{"color":"CT_CSS_SKIP_RULE"}},"backgroundColor":{"default":{"color":"var(--theme-palette-color-8)"}}},"content_boxed_shadow":{"inherit":false,"blur":18,"spread":-6,"v_offset":12,"h_offset":0,"inset":false,"enable":true,"color":{"color":"rgba(34, 56, 101, 0.04)"}},"content_boxed_border":{"width":1,"style":"none","color":{"color":"rgba(44,62,80,0.2)"}},"content_boxed_radius":{"top":"3px","bottom":"3px","left":"3px","right":"3px","linked":true},"boxed_content_spacing":{"desktop":{"top":"40px","bottom":"40px","left":"40px","right":"40px","linked":true},"tablet":{"top":"35px","bottom":"35px","left":"35px","right":"35px","linked":true},"mobile":{"top":"20px","bottom":"20px","left":"20px","right":"20px","linked":true}},"e38c533ec187e40a1a8aca4b283f3617":"","disable_featured_image":"no","disable_share_box":"no","disable_header":"no","disable_footer":"no","styles_descriptor":{"styles":{"desktop":"","tablet":"","mobile":""},"google_fonts":[],"version":6}},"yoast_head":"<!-- This site is optimized with the Yoast SEO plugin v19.13 - https:\/\/yoast.com\/wordpress\/plugins\/seo\/ -->\n<title>About - Madero &amp; Schr\u00f6pftherapie<\/title>\n<meta name=\"robots\" content=\"index, follow, max-snippet:-1, max-image-preview:large, max-video-preview:-1\" \/>\n<link rel=\"canonical\" href=\"https:\/\/madero-bern.ch\/index.php\/about\/\" \/>\n<meta property=\"og:locale\" content=\"en_US\" \/>\n<meta property=\"og:type\" content=\"article\" \/>\n<meta property=\"og:title\" content=\"About - Madero &amp; Schr\u00f6pftherapie\" \/>\n<meta property=\"og:description\" content=\"\u00dcber Mich Als Madero- und Schr\u00f6pftherapeutin arbeite ich mit grosser Leidenschaft und Hingabe. Der Mensch steht bei mir im Mittelpunkt pers\u00f6nlicher Kontakt, Vertrauen und Achtsamkeit sind die Basis meiner Arbeit.Jede Behandlung gestalte ich individuell, denn jeder K\u00f6rper bringt seine eigene Geschichte mit.Meine kreative Ader lebe ich nicht nur beim Malen aus, sondern auch in meiner [&hellip;]\" \/>\n<meta property=\"og:url\" content=\"https:\/\/madero-bern.ch\/index.php\/about\/\" \/>\n<meta property=\"og:site_name\" content=\"Madero &amp; Schr\u00f6pftherapie\" \/>\n<meta property=\"article:modified_time\" content=\"2026-03-23T10:01:26+00:00\" \/>\n<meta name=\"twitter:card\" content=\"summary_large_image\" \/>\n<meta name=\"twitter:label1\" content=\"Est. reading time\" \/>\n\t<meta name=\"twitter:data1\" content=\"1 minute\" \/>\n<script type=\"application\/ld+json\" class=\"yoast-schema-graph\">{\"@context\":\"https:\/\/schema.org\",\"@graph\":[{\"@type\":\"WebPage\",\"@id\":\"https:\/\/madero-bern.ch\/index.php\/about\/\",\"url\":\"https:\/\/madero-bern.ch\/index.php\/about\/\",\"name\":\"About - Madero &amp; Schr\u00f6pftherapie\",\"isPartOf\":{\"@id\":\"https:\/\/madero-bern.ch\/#website\"},\"datePublished\":\"2022-08-15T18:16:28+00:00\",\"dateModified\":\"2026-03-23T10:01:26+00:00\",\"breadcrumb\":{\"@id\":\"https:\/\/madero-bern.ch\/index.php\/about\/#breadcrumb\"},\"inLanguage\":\"en-US\",\"potentialAction\":[{\"@type\":\"ReadAction\",\"target\":[\"https:\/\/madero-bern.ch\/index.php\/about\/\"]}]},{\"@type\":\"BreadcrumbList\",\"@id\":\"https:\/\/madero-bern.ch\/index.php\/about\/#breadcrumb\",\"itemListElement\":[{\"@type\":\"ListItem\",\"position\":1,\"name\":\"Home\",\"item\":\"https:\/\/madero-bern.ch\/\"},{\"@type\":\"ListItem\",\"position\":2,\"name\":\"About\"}]},{\"@type\":\"WebSite\",\"@id\":\"https:\/\/madero-bern.ch\/#website\",\"url\":\"https:\/\/madero-bern.ch\/\",\"name\":\"Madero &amp; Schr\u00f6pftherapie\",\"description\":\"100% Nat\u00fcrlich und ohne Nebenwirkungen\",\"publisher\":{\"@id\":\"https:\/\/madero-bern.ch\/#organization\"},\"potentialAction\":[{\"@type\":\"SearchAction\",\"target\":{\"@type\":\"EntryPoint\",\"urlTemplate\":\"https:\/\/madero-bern.ch\/?s={search_term_string}\"},\"query-input\":\"required name=search_term_string\"}],\"inLanguage\":\"en-US\"},{\"@type\":\"Organization\",\"@id\":\"https:\/\/madero-bern.ch\/#organization\",\"name\":\"Madero &amp; Schr\u00f6pftherapie\",\"url\":\"https:\/\/madero-bern.ch\/\",\"logo\":{\"@type\":\"ImageObject\",\"inLanguage\":\"en-US\",\"@id\":\"https:\/\/madero-bern.ch\/#\/schema\/logo\/image\/\",\"url\":\"https:\/\/madero-bern.ch\/wp-content\/uploads\/2022\/11\/logo-01.png\",\"contentUrl\":\"https:\/\/madero-bern.ch\/wp-content\/uploads\/2022\/11\/logo-01.png\",\"width\":897,\"height\":209,\"caption\":\"Madero &amp; Schr\u00f6pftherapie\"},\"image\":{\"@id\":\"https:\/\/madero-bern.ch\/#\/schema\/logo\/image\/\"}}]}<\/script>\n<!-- \/ Yoast SEO plugin. -->","yoast_head_json":{"title":"About - Madero &amp; Schr\u00f6pftherapie","robots":{"index":"index","follow":"follow","max-snippet":"max-snippet:-1","max-image-preview":"max-image-preview:large","max-video-preview":"max-video-preview:-1"},"canonical":"https:\/\/madero-bern.ch\/index.php\/about\/","og_locale":"en_US","og_type":"article","og_title":"About - Madero &amp; Schr\u00f6pftherapie","og_description":"\u00dcber Mich Als Madero- und Schr\u00f6pftherapeutin arbeite ich mit grosser Leidenschaft und Hingabe. Der Mensch steht bei mir im Mittelpunkt pers\u00f6nlicher Kontakt, Vertrauen und Achtsamkeit sind die Basis meiner Arbeit.Jede Behandlung gestalte ich individuell, denn jeder K\u00f6rper bringt seine eigene Geschichte mit.Meine kreative Ader lebe ich nicht nur beim Malen aus, sondern auch in meiner [&hellip;]","og_url":"https:\/\/madero-bern.ch\/index.php\/about\/","og_site_name":"Madero &amp; Schr\u00f6pftherapie","article_modified_time":"2026-03-23T10:01:26+00:00","twitter_card":"summary_large_image","twitter_misc":{"Est. reading time":"1 minute"},"schema":{"@context":"https:\/\/schema.org","@graph":[{"@type":"WebPage","@id":"https:\/\/madero-bern.ch\/index.php\/about\/","url":"https:\/\/madero-bern.ch\/index.php\/about\/","name":"About - Madero &amp; Schr\u00f6pftherapie","isPartOf":{"@id":"https:\/\/madero-bern.ch\/#website"},"datePublished":"2022-08-15T18:16:28+00:00","dateModified":"2026-03-23T10:01:26+00:00","breadcrumb":{"@id":"https:\/\/madero-bern.ch\/index.php\/about\/#breadcrumb"},"inLanguage":"en-US","potentialAction":[{"@type":"ReadAction","target":["https:\/\/madero-bern.ch\/index.php\/about\/"]}]},{"@type":"BreadcrumbList","@id":"https:\/\/madero-bern.ch\/index.php\/about\/#breadcrumb","itemListElement":[{"@type":"ListItem","position":1,"name":"Home","item":"https:\/\/madero-bern.ch\/"},{"@type":"ListItem","position":2,"name":"About"}]},{"@type":"WebSite","@id":"https:\/\/madero-bern.ch\/#website","url":"https:\/\/madero-bern.ch\/","name":"Madero &amp; Schr\u00f6pftherapie","description":"100% Nat\u00fcrlich und ohne Nebenwirkungen","publisher":{"@id":"https:\/\/madero-bern.ch\/#organization"},"potentialAction":[{"@type":"SearchAction","target":{"@type":"EntryPoint","urlTemplate":"https:\/\/madero-bern.ch\/?s={search_term_string}"},"query-input":"required name=search_term_string"}],"inLanguage":"en-US"},{"@type":"Organization","@id":"https:\/\/madero-bern.ch\/#organization","name":"Madero &amp; Schr\u00f6pftherapie","url":"https:\/\/madero-bern.ch\/","logo":{"@type":"ImageObject","inLanguage":"en-US","@id":"https:\/\/madero-bern.ch\/#\/schema\/logo\/image\/","url":"https:\/\/madero-bern.ch\/wp-content\/uploads\/2022\/11\/logo-01.png","contentUrl":"https:\/\/madero-bern.ch\/wp-content\/uploads\/2022\/11\/logo-01.png","width":897,"height":209,"caption":"Madero &amp; Schr\u00f6pftherapie"},"image":{"@id":"https:\/\/madero-bern.ch\/#\/schema\/logo\/image\/"}}]}},"_links":{"self":[{"href":"https:\/\/madero-bern.ch\/index.php\/wp-json\/wp\/v2\/pages\/525"}],"collection":[{"href":"https:\/\/madero-bern.ch\/index.php\/wp-json\/wp\/v2\/pages"}],"about":[{"href":"https:\/\/madero-bern.ch\/index.php\/wp-json\/wp\/v2\/types\/page"}],"author":[{"embeddable":true,"href":"https:\/\/madero-bern.ch\/index.php\/wp-json\/wp\/v2\/users\/1"}],"replies":[{"embeddable":true,"href":"https:\/\/madero-bern.ch\/index.php\/wp-json\/wp\/v2\/comments?post=525"}],"version-history":[{"count":102,"href":"https:\/\/madero-bern.ch\/index.php\/wp-json\/wp\/v2\/pages\/525\/revisions"}],"predecessor-version":[{"id":2458,"href":"https:\/\/madero-bern.ch\/index.php\/wp-json\/wp\/v2\/pages\/525\/revisions\/2458"}],"wp:attachment":[{"href":"https:\/\/madero-bern.ch\/index.php\/wp-json\/wp\/v2\/media?parent=525"}],"curies":[{"name":"wp","href":"https:\/\/api.w.org\/{rel}","templated":true}]}}